{"id":112,"date":"2020-05-27T08:56:34","date_gmt":"2020-05-27T06:56:34","guid":{"rendered":"http:\/\/liksackar2.cmsp.se\/?page_id=112"},"modified":"2020-05-27T08:59:51","modified_gmt":"2020-05-27T06:59:51","slug":"kontakt","status":"publish","type":"page","link":"https:\/\/www.liksackar.se\/en\/kontakt\/","title":{"rendered":"Contact"},"content":{"rendered":"<div class=\"wpb-content-wrapper\"><p>[vc_row content_placement=&#8221;top&#8221;][vc_column][vc_column_text]<\/p>\n<h1 style=\"text-align: center;\">Body bag G\u00f6teborg \u2013 in three sizes and two versions<\/h1>\n<h3 style=\"text-align: center;\">\u2013 hygienic, easy to use and environmentally friendly.<\/h3>\n<p>[\/vc_column_text][vc_separator][\/vc_column][\/vc_row][vc_row][vc_column][vc_empty_space][\/vc_column][\/vc_row][vc_row content_placement=&#8221;middle&#8221;][vc_column][vc_column_text]<\/p>\n<h1>Contact us<\/h1>\n<p>[\/vc_column_text][\/vc_column][\/vc_row][vc_row][vc_column width=&#8221;1\/2&#8243;][vc_column_text]<strong>AB T. Sj\u00f6lander &amp; S\u00f6ner AB<\/strong><br \/>\nBacka Berg\u00f6gatan 14<br \/>\n422 46 HISINGS-BACKA<br \/>\nSweden<\/p>\n<p>Phone:\u00a0<a href=\"tel:+4631529850\" target=\"_blank\" rel=\"noopener noreferrer\">+46-31-529 850<\/a><br \/>\nFax: +46-31-529-866<br \/>\nE-mail:\u00a0<a href=\"mailto:info@liksackar.se\" target=\"_blank\" rel=\"noopener noreferrer\">info@liksackar.se<\/a>[\/vc_column_text][\/vc_column][vc_column width=&#8221;1\/2&#8243;]\n<div class=\"wpcf7 no-js\" id=\"wpcf7-f120-o1\" lang=\"sv-SE\" dir=\"ltr\" data-wpcf7-id=\"120\">\n<div class=\"screen-reader-response\"><p role=\"status\" aria-live=\"polite\" aria-atomic=\"true\"><\/p> <ul><\/ul><\/div>\n<form action=\"\/en\/wp-json\/wp\/v2\/pages\/112#wpcf7-f120-o1\" method=\"post\" class=\"wpcf7-form init\" aria-label=\"Kontaktformul\u00e4r\" novalidate=\"novalidate\" data-status=\"init\">\n<fieldset class=\"hidden-fields-container\"><input type=\"hidden\" name=\"_wpcf7\" value=\"120\" \/><input type=\"hidden\" name=\"_wpcf7_version\" value=\"6.1.5\" \/><input type=\"hidden\" name=\"_wpcf7_locale\" value=\"sv_SE\" \/><input type=\"hidden\" name=\"_wpcf7_unit_tag\" value=\"wpcf7-f120-o1\" \/><input type=\"hidden\" name=\"_wpcf7_container_post\" value=\"0\" \/><input type=\"hidden\" name=\"_wpcf7_posted_data_hash\" value=\"\" \/><input type=\"hidden\" name=\"_wpcf7_recaptcha_response\" value=\"\" \/>\n<\/fieldset>\n<p><label>Name<b>*<\/b><br \/>\n<i class=\"far fa-address-card\"><\/i><span class=\"wpcf7-form-control-wrap\" data-name=\"your-name\"><input size=\"40\" maxlength=\"400\" class=\"wpcf7-form-control wpcf7-text wpcf7-validates-as-required\" aria-required=\"true\" aria-invalid=\"false\" placeholder=\"Anders Andersson\" value=\"\" type=\"text\" name=\"your-name\" \/><\/span> <\/label>\n<\/p>\n<div class=\"vc_row\">\n\t<div class=\"vc_col-sm-6\">\n\t\t<p><label>E-mail<b>*<\/b><br \/>\n<i class=\"far fa-envelope\"><\/i><span class=\"wpcf7-form-control-wrap\" data-name=\"your-email\"><input size=\"40\" maxlength=\"400\" class=\"wpcf7-form-control wpcf7-email wpcf7-validates-as-required wpcf7-text wpcf7-validates-as-email\" aria-required=\"true\" aria-invalid=\"false\" placeholder=\"anders@andersson.se\" value=\"\" type=\"email\" name=\"your-email\" \/><\/span> <\/label>\n\t\t<\/p>\n\t<\/div>\n\t<div class=\"vc_col-sm-6\">\n\t\t<p><label>Phone<br \/>\n<i class=\"fas fa-mobile-alt\"><\/i><span class=\"wpcf7-form-control-wrap\" data-name=\"your-tel\"><input size=\"40\" maxlength=\"400\" class=\"wpcf7-form-control wpcf7-text\" aria-invalid=\"false\" placeholder=\"0701223344\" value=\"\" type=\"text\" name=\"your-tel\" \/><\/span> <\/label>\n\t\t<\/p>\n\t<\/div>\n<\/div>\n<p><label>Message<br \/>\n<i class=\"fas fa-align-left\"><\/i><span class=\"wpcf7-form-control-wrap\" data-name=\"your-message\"><textarea cols=\"40\" rows=\"10\" maxlength=\"2000\" class=\"wpcf7-form-control wpcf7-textarea\" aria-invalid=\"false\" placeholder=\"Send us a message\" name=\"your-message\"><\/textarea><\/span> <\/label>\n<\/p>\n<p><span class=\"wpcf7-form-control-wrap\" data-name=\"GDPR\"><span class=\"wpcf7-form-control wpcf7-acceptance\"><span class=\"wpcf7-list-item\"><label><input type=\"checkbox\" name=\"GDPR\" value=\"1\" aria-invalid=\"false\" \/><span class=\"wpcf7-list-item-label\">I agree that my personal data is processed according to <a href=\"\/en\/integritetspolicy\/\">privacy policy<\/a>.<\/span><\/label><\/span><\/span><\/span>\n<\/p>\n<p><input class=\"wpcf7-form-control wpcf7-submit has-spinner\" type=\"submit\" value=\"Skicka\" \/>\n<\/p><div class=\"wpcf7-response-output\" aria-hidden=\"true\"><\/div>\n<\/form>\n<\/div>\n[\/vc_column][\/vc_row][vc_row][vc_column][vc_gmaps link=&#8221;#E-8_JTNDaWZyYW1lJTIwc3JjJTNEJTIyaHR0cHMlM0ElMkYlMkZ3d3cuZ29vZ2xlLmNvbSUyRm1hcHMlMkZlbWJlZCUzRnBiJTNEJTIxMW0xNCUyMTFtOCUyMTFtMyUyMTFkNDI1OC4yODQ2ODY3MzM4MzQlMjEyZDExLjk5OTg2OCUyMTNkNTcuNzQ4MDA3JTIxM20yJTIxMWkxMDI0JTIxMmk3NjglMjE0ZjEzLjElMjEzbTMlMjExbTIlMjExczB4NDY0ZmY0ZmE0NGQxNGY5ZiUyNTNBMHhhM2Y3MDhhMjRhOWNhZDczJTIxMnNCYWNrYSUyNTIwQmVyZyUyNUMzJTI1QjZnYXRhJTI1MjAxNCUyNTJDJTI1MjA0MjIlMjUyMDQ2JTI1MjBIaXNpbmdzJTI1MjBCYWNrYSUyMTVlMCUyMTNtMiUyMTFzZW4lMjEyc3NlJTIxNHYxNTkwNTYwNjY4OTI3JTIxNW0yJTIxMXNlbiUyMTJzc2UlMjIlMjB3aWR0aCUzRCUyMjYwMCUyMiUyMGhlaWdodCUzRCUyMjQ1MCUyMiUyMGZyYW1lYm9yZGVyJTNEJTIyMCUyMiUyMHN0eWxlJTNEJTIyYm9yZGVyJTNBMCUzQiUyMiUyMGFsbG93ZnVsbHNjcmVlbiUzRCUyMiUyMiUyMGFyaWEtaGlkZGVuJTNEJTIyZmFsc2UlMjIlMjB0YWJpbmRleCUzRCUyMjAlMjIlM0UlM0MlMkZpZnJhbWUlM0U=&#8221;][\/vc_column][\/vc_row]<\/p>\n<\/div>","protected":false},"excerpt":{"rendered":"<p>[vc_row content_placement=&#8221;top&#8221;][vc_column][vc_column_text] Body bag G\u00f6teborg \u2013 in three sizes and two versions \u2013 hygienic, easy to use and environmentally friendly. [\/vc_column_text][vc_separator][\/vc_column][\/vc_row][vc_row][vc_column][vc_empty_space][\/vc_column][\/vc_row][vc_row content_placement=&#8221;middle&#8221;][vc_column][vc_column_text] Contact us [\/vc_column_text][\/vc_column][\/vc_row][vc_row][vc_column width=&#8221;1\/2&#8243;][vc_column_text]AB T. Sj\u00f6lander &amp; S\u00f6ner AB Backa Berg\u00f6gatan 14 422 46 HISINGS-BACKA Sweden Phone:\u00a0+46-31-529 850 Fax: +46-31-529-866 E-mail:\u00a0info@liksackar.se[\/vc_column_text][\/vc_column][vc_column width=&#8221;1\/2&#8243;][\/vc_column][\/vc_row][vc_row][vc_column][vc_gmaps link=&#8221;#E-8_JTNDaWZyYW1lJTIwc3JjJTNEJTIyaHR0cHMlM0ElMkYlMkZ3d3cuZ29vZ2xlLmNvbSUyRm1hcHMlMkZlbWJlZCUzRnBiJTNEJTIxMW0xNCUyMTFtOCUyMTFtMyUyMTFkNDI1OC4yODQ2ODY3MzM4MzQlMjEyZDExLjk5OTg2OCUyMTNkNTcuNzQ4MDA3JTIxM20yJTIxMWkxMDI0JTIxMmk3NjglMjE0ZjEzLjElMjEzbTMlMjExbTIlMjExczB4NDY0ZmY0ZmE0NGQxNGY5ZiUyNTNBMHhhM2Y3MDhhMjRhOWNhZDczJTIxMnNCYWNrYSUyNTIwQmVyZyUyNUMzJTI1QjZnYXRhJTI1MjAxNCUyNTJDJTI1MjA0MjIlMjUyMDQ2JTI1MjBIaXNpbmdzJTI1MjBCYWNrYSUyMTVlMCUyMTNtMiUyMTFzZW4lMjEyc3NlJTIxNHYxNTkwNTYwNjY4OTI3JTIxNW0yJTIxMXNlbiUyMTJzc2UlMjIlMjB3aWR0aCUzRCUyMjYwMCUyMiUyMGhlaWdodCUzRCUyMjQ1MCUyMiUyMGZyYW1lYm9yZGVyJTNEJTIyMCUyMiUyMHN0eWxlJTNEJTIyYm9yZGVyJTNBMCUzQiUyMiUyMGFsbG93ZnVsbHNjcmVlbiUzRCUyMiUyMiUyMGFyaWEtaGlkZGVuJTNEJTIyZmFsc2UlMjIlMjB0YWJpbmRleCUzRCUyMjAlMjIlM0UlM0MlMkZpZnJhbWUlM0U=&#8221;][\/vc_column][\/vc_row]<\/p>\n","protected":false},"author":4,"featured_media":0,"parent":0,"menu_order":0,"comment_status":"closed","ping_status":"closed","template":"","meta":{"footnotes":""},"class_list":["post-112","page","type-page","status-publish","hentry"],"_links":{"self":[{"href":"https:\/\/www.liksackar.se\/en\/wp-json\/wp\/v2\/pages\/112","targetHints":{"allow":["GET"]}}],"collection":[{"href":"https:\/\/www.liksackar.se\/en\/wp-json\/wp\/v2\/pages"}],"about":[{"href":"https:\/\/www.liksackar.se\/en\/wp-json\/wp\/v2\/types\/page"}],"author":[{"embeddable":true,"href":"https:\/\/www.liksackar.se\/en\/wp-json\/wp\/v2\/users\/4"}],"replies":[{"embeddable":true,"href":"https:\/\/www.liksackar.se\/en\/wp-json\/wp\/v2\/comments?post=112"}],"version-history":[{"count":3,"href":"https:\/\/www.liksackar.se\/en\/wp-json\/wp\/v2\/pages\/112\/revisions"}],"predecessor-version":[{"id":121,"href":"https:\/\/www.liksackar.se\/en\/wp-json\/wp\/v2\/pages\/112\/revisions\/121"}],"wp:attachment":[{"href":"https:\/\/www.liksackar.se\/en\/wp-json\/wp\/v2\/media?parent=112"}],"curies":[{"name":"wp","href":"https:\/\/api.w.org\/{rel}","templated":true}]}}